{"id":2385,"date":"2025-02-06T08:07:29","date_gmt":"2025-02-06T07:07:29","guid":{"rendered":"http:\/\/prd-wordpress-a7ca90f93e3e.hyperlane.co\/?page_id=2385"},"modified":"2025-11-17T12:51:20","modified_gmt":"2025-11-17T11:51:20","slug":"partenaires","status":"publish","type":"page","link":"https:\/\/floya.com\/fr\/partenaires\/","title":{"rendered":"Partenaires"},"content":{"rendered":"<section class=\"hero hero_size-default\">\n      <div class=\"hero__background\">\n      <img decoding=\"async\" src=\"https:\/\/floya.com\/wp-content\/uploads\/2023\/09\/Floya_releasepicture-e1738825893307.webp\" alt=\"Place Poelaert\" \/>\n    <\/div>\n  \n  <div class=\"hero__inner\">\n    <div class=\"hero__content\">\n            \n<h1 class=\"heading heading_h1 \">\n  Partenaires\n<\/h1>\n  \n  \n    <\/div>\n  <\/div>\n<\/section>\n\n\n\n<section class=\"intro\">\n  <div class=\"intro__container\">\n    <div class=\"intro__inner\">\n      <h6>Avec Floya, c\u2019est vous qui choisissez comment vous bougez dans Bruxelles. Gr\u00e2ce \u00e0 une offre de mobilit\u00e9 sans cesse en \u00e9volution. Ci-dessous, les partenaires d\u00e9j\u00e0 pr\u00e9sents dans l\u2019app.<\/h6>\n\n    <\/div>\n  <\/div>\n<\/section>\n\n\n<section class=\"partners\">\n  <ul class=\"partners__container\">\n          <li class=\"partners__category\" data-partners-accordion>\n        <div class=\"partners__category-header\" data-partners-accordion-header>\n          <span class=\"partners__category-header-icon\">\n            \n<svg class=\"icon \" width=\"24\" height=\"24\" aria-hidden=\"true\">\n  <use xlink:href=\"#icon-public-transport\"><\/use>\n<\/svg>\n          <\/span>\n\n          \n\n\n                  \n  \n<span  class=\"text text_default-16-bold partners__category-header-title \">\nTransports publics\n<\/span>\n\n          \n<svg class=\"icon partners__category-header-chevron\" width=\"24\" height=\"24\" aria-hidden=\"true\">\n  <use xlink:href=\"#icon-chevron-down\"><\/use>\n<\/svg>\n        <\/div>\n\n        <div class=\"partners__category-body\">\n          <div class=\"partners__category-body-inner\">\n            \n\n\n                  \n  \n<p  class=\"text text_default-16 partners__category-body-description \">\nVoyagez dans et en dehors de Bruxelles gr\u00e2ce aux m\u00e9tros, trams, bus et trains des 4 entreprises publiques en Belgique : STIB, LETEC, De Lijn et SNCB\n<\/p>\n\n            <ul class=\"partners__category-body-logos\">\n                              <li class=\"partners__category-body-logo\">\n                  <img decoding=\"async\" src=\"https:\/\/floya.com\/wp-content\/uploads\/2023\/06\/stib_mivb.png\"\n                    alt=\"STIB-MIVB\" \/>\n                <\/li>\n                              <li class=\"partners__category-body-logo\">\n                  <img decoding=\"async\" src=\"https:\/\/floya.com\/wp-content\/uploads\/2025\/11\/LETEC_Logotype_Jaune_CMJN-56px-1.png\"\n                    alt=\"LETEC logo\" \/>\n                <\/li>\n                              <li class=\"partners__category-body-logo\">\n                  <img decoding=\"async\" src=\"https:\/\/floya.com\/wp-content\/uploads\/2023\/06\/delijn.png\"\n                    alt=\"STIB-MIVB\" \/>\n                <\/li>\n                              <li class=\"partners__category-body-logo\">\n                  <img decoding=\"async\" src=\"https:\/\/floya.com\/wp-content\/uploads\/2023\/06\/sncb_nmbs.png\"\n                    alt=\"STIB-MIVB\" \/>\n                <\/li>\n                          <\/ul>\n          <\/div>\n        <\/div>\n      <\/li>\n          <li class=\"partners__category\" data-partners-accordion>\n        <div class=\"partners__category-header\" data-partners-accordion-header>\n          <span class=\"partners__category-header-icon\">\n            \n<svg class=\"icon \" width=\"24\" height=\"24\" aria-hidden=\"true\">\n  <use xlink:href=\"#icon-kick-scooter\"><\/use>\n<\/svg>\n          <\/span>\n\n          \n\n\n                  \n  \n<span  class=\"text text_default-16-bold partners__category-header-title \">\nTrottinettes \u00e9lectriques\n<\/span>\n\n          \n<svg class=\"icon partners__category-header-chevron\" width=\"24\" height=\"24\" aria-hidden=\"true\">\n  <use xlink:href=\"#icon-chevron-down\"><\/use>\n<\/svg>\n        <\/div>\n\n        <div class=\"partners__category-body\">\n          <div class=\"partners__category-body-inner\">\n            \n\n\n                  \n  \n<p  class=\"text text_default-16 partners__category-body-description \">\nProfitez des trottinettes \u00e9lectriques partag\u00e9es de Bolt et Dott pour vos grandes aventures comme pour vos petits trajets\n<\/p>\n\n            <ul class=\"partners__category-body-logos\">\n                              <li class=\"partners__category-body-logo\">\n                  <img decoding=\"async\" src=\"https:\/\/floya.com\/wp-content\/uploads\/2023\/09\/bolt-logo-original_on-white.png\"\n                    alt=\"Logo Bolt\" \/>\n                <\/li>\n                              <li class=\"partners__category-body-logo\">\n                  <img decoding=\"async\" src=\"https:\/\/floya.com\/wp-content\/uploads\/2023\/06\/dott_logo_black.png\"\n                    alt=\"STIB-MIVB\" \/>\n                <\/li>\n                          <\/ul>\n          <\/div>\n        <\/div>\n      <\/li>\n          <li class=\"partners__category\" data-partners-accordion>\n        <div class=\"partners__category-header\" data-partners-accordion-header>\n          <span class=\"partners__category-header-icon\">\n            \n<svg class=\"icon \" width=\"24\" height=\"24\" aria-hidden=\"true\">\n  <use xlink:href=\"#icon-bike\"><\/use>\n<\/svg>\n          <\/span>\n\n          \n\n\n                  \n  \n<span  class=\"text text_default-16-bold partners__category-header-title \">\nV\u00e9los partag\u00e9s\n<\/span>\n\n          \n<svg class=\"icon partners__category-header-chevron\" width=\"24\" height=\"24\" aria-hidden=\"true\">\n  <use xlink:href=\"#icon-chevron-down\"><\/use>\n<\/svg>\n        <\/div>\n\n        <div class=\"partners__category-body\">\n          <div class=\"partners__category-body-inner\">\n            \n\n\n                  \n  \n<p  class=\"text text_default-16 partners__category-body-description \">\nAvec les v\u00e9los de Bolt, Dott, Villo! et Voi, vous profitez d\u2019une solution de mobilit\u00e9 agr\u00e9able, en toute autonomie et \u00e0 la demande\n<\/p>\n\n            <ul class=\"partners__category-body-logos\">\n                              <li class=\"partners__category-body-logo\">\n                  <img decoding=\"async\" src=\"https:\/\/floya.com\/wp-content\/uploads\/2023\/09\/bolt-logo-original_on-white.png\"\n                    alt=\"Logo Bolt\" \/>\n                <\/li>\n                              <li class=\"partners__category-body-logo\">\n                  <img decoding=\"async\" src=\"https:\/\/floya.com\/wp-content\/uploads\/2023\/06\/dott_logo_black.png\"\n                    alt=\"STIB-MIVB\" \/>\n                <\/li>\n                              <li class=\"partners__category-body-logo\">\n                  <img decoding=\"async\" src=\"https:\/\/floya.com\/wp-content\/uploads\/2023\/09\/LOGO-VILLO-VECT.png\"\n                    alt=\"Logo Villo\" \/>\n                <\/li>\n                              <li class=\"partners__category-body-logo\">\n                  <img decoding=\"async\" src=\"https:\/\/floya.com\/wp-content\/uploads\/2025\/06\/Voi_logo_Coral_RGB.png\"\n                    alt=\"VOI_logo\" \/>\n                <\/li>\n                          <\/ul>\n          <\/div>\n        <\/div>\n      <\/li>\n          <li class=\"partners__category\" data-partners-accordion>\n        <div class=\"partners__category-header\" data-partners-accordion-header>\n          <span class=\"partners__category-header-icon\">\n            \n<svg class=\"icon \" width=\"24\" height=\"24\" aria-hidden=\"true\">\n  <use xlink:href=\"#icon-car\"><\/use>\n<\/svg>\n          <\/span>\n\n          \n\n\n                  \n  \n<span  class=\"text text_default-16-bold partners__category-header-title \">\nVoitures partag\u00e9es\n<\/span>\n\n          \n<svg class=\"icon partners__category-header-chevron\" width=\"24\" height=\"24\" aria-hidden=\"true\">\n  <use xlink:href=\"#icon-chevron-down\"><\/use>\n<\/svg>\n        <\/div>\n\n        <div class=\"partners__category-body\">\n          <div class=\"partners__category-body-inner\">\n            \n\n\n                  \n  \n<p  class=\"text text_default-16 partners__category-body-description \">\nVoyagez avec toute la tribu, transportez vos courses ou m\u00eame vos meubles gr\u00e2ce aux v\u00e9hicules en station de Cambio ou aux voitures en libre-service de Poppy\n<\/p>\n\n            <ul class=\"partners__category-body-logos\">\n                              <li class=\"partners__category-body-logo\">\n                  <img decoding=\"async\" src=\"https:\/\/floya.com\/wp-content\/uploads\/2023\/06\/cambio-logo-color.jpg\"\n                    alt=\"STIB-MIVB\" \/>\n                <\/li>\n                              <li class=\"partners__category-body-logo\">\n                  <img decoding=\"async\" src=\"https:\/\/floya.com\/wp-content\/uploads\/2023\/09\/Poppy_red-background.png\"\n                    alt=\"poppy logo\" \/>\n                <\/li>\n                          <\/ul>\n          <\/div>\n        <\/div>\n      <\/li>\n          <li class=\"partners__category\" data-partners-accordion>\n        <div class=\"partners__category-header\" data-partners-accordion-header>\n          <span class=\"partners__category-header-icon\">\n            \n<svg class=\"icon \" width=\"24\" height=\"24\" aria-hidden=\"true\">\n  <use xlink:href=\"#icon-taxi\"><\/use>\n<\/svg>\n          <\/span>\n\n          \n\n\n                  \n  \n<span  class=\"text text_default-16-bold partners__category-header-title \">\nTaxis\n<\/span>\n\n          \n<svg class=\"icon partners__category-header-chevron\" width=\"24\" height=\"24\" aria-hidden=\"true\">\n  <use xlink:href=\"#icon-chevron-down\"><\/use>\n<\/svg>\n        <\/div>\n\n        <div class=\"partners__category-body\">\n          <div class=\"partners__category-body-inner\">\n            \n\n\n                  \n  \n<p  class=\"text text_default-16 partners__category-body-description \">\nLaissez-vous conduire en toute tranquillit\u00e9 ou rentrez sans vous soucier de l\u2019heure gr\u00e2ce aux Taxis Verts\n<\/p>\n\n            <ul class=\"partners__category-body-logos\">\n                              <li class=\"partners__category-body-logo\">\n                  <img decoding=\"async\" src=\"https:\/\/floya.com\/wp-content\/uploads\/2025\/09\/Taxisverts.logo72.svg\"\n                    alt=\"Logo Taxis Verts\" \/>\n                <\/li>\n                          <\/ul>\n          <\/div>\n        <\/div>\n      <\/li>\n      <\/ul>\n<\/section>\n","protected":false},"excerpt":{"rendered":"","protected":false},"author":13,"featured_media":0,"parent":0,"menu_order":0,"comment_status":"closed","ping_status":"closed","template":"","meta":{"footnotes":""},"acf":[],"yoast_head":"<!-- This site is optimized with the Yoast SEO Premium plugin v21.8 (Yoast SEO v21.8) - https:\/\/yoast.com\/wordpress\/plugins\/seo\/ -->\n<title>Partenaires - Floya<\/title>\n<meta name=\"description\" content=\"L\u2019offre de mobilit\u00e9 dans Floya est en constante \u00e9volution. Retrouvez ici les partenaires d\u00e9j\u00e0 pr\u00e9sents dans l\u2019app, et qui seront bient\u00f4t rejoints par d\u2019autres...\" \/>\n<meta name=\"robots\" content=\"index, follow, max-snippet:-1, max-image-preview:large, max-video-preview:-1\" \/>\n<link rel=\"canonical\" href=\"https:\/\/www.floya.brussels\/fr\/partenaires\/\" \/>\n<meta property=\"og:locale\" content=\"fr_FR\" \/>\n<meta property=\"og:type\" content=\"article\" \/>\n<meta property=\"og:title\" content=\"Partenaires\" \/>\n<meta property=\"og:description\" content=\"L\u2019offre de mobilit\u00e9 dans Floya est en constante \u00e9volution. Retrouvez ici les partenaires d\u00e9j\u00e0 pr\u00e9sents dans l\u2019app, et qui seront bient\u00f4t rejoints par d\u2019autres...\" \/>\n<meta property=\"og:url\" content=\"https:\/\/www.floya.brussels\/fr\/partenaires\/\" \/>\n<meta property=\"og:site_name\" content=\"Floya\" \/>\n<meta property=\"article:publisher\" content=\"https:\/\/www.facebook.com\/floyabrussels\" \/>\n<meta property=\"article:modified_time\" content=\"2025-11-17T11:51:20+00:00\" \/>\n<meta property=\"og:image\" content=\"https:\/\/floya.com\/wp-content\/uploads\/2024\/03\/Floya-website.png\" \/>\n\t<meta property=\"og:image:width\" content=\"1288\" \/>\n\t<meta property=\"og:image:height\" content=\"675\" \/>\n\t<meta property=\"og:image:type\" content=\"image\/png\" \/>\n<meta name=\"twitter:card\" content=\"summary_large_image\" \/>\n<meta name=\"twitter:site\" content=\"@floyabrussels\" \/>\n<script type=\"application\/ld+json\" class=\"yoast-schema-graph\">{\"@context\":\"https:\/\/schema.org\",\"@graph\":[{\"@type\":\"WebPage\",\"@id\":\"https:\/\/www.floya.brussels\/fr\/partenaires\/\",\"url\":\"https:\/\/www.floya.brussels\/fr\/partenaires\/\",\"name\":\"Partenaires - Floya\",\"isPartOf\":{\"@id\":\"https:\/\/floya.com\/fr\/#website\"},\"datePublished\":\"2025-02-06T07:07:29+00:00\",\"dateModified\":\"2025-11-17T11:51:20+00:00\",\"description\":\"L\u2019offre de mobilit\u00e9 dans Floya est en constante \u00e9volution. Retrouvez ici les partenaires d\u00e9j\u00e0 pr\u00e9sents dans l\u2019app, et qui seront bient\u00f4t rejoints par d\u2019autres...\",\"breadcrumb\":{\"@id\":\"https:\/\/www.floya.brussels\/fr\/partenaires\/#breadcrumb\"},\"inLanguage\":\"fr-FR\",\"potentialAction\":[{\"@type\":\"ReadAction\",\"target\":[\"https:\/\/www.floya.brussels\/fr\/partenaires\/\"]}]},{\"@type\":\"BreadcrumbList\",\"@id\":\"https:\/\/www.floya.brussels\/fr\/partenaires\/#breadcrumb\",\"itemListElement\":[{\"@type\":\"ListItem\",\"position\":1,\"name\":\"Home\",\"item\":\"https:\/\/floya.brussels\/fr\/\"},{\"@type\":\"ListItem\",\"position\":2,\"name\":\"Partenaires\"}]},{\"@type\":\"WebSite\",\"@id\":\"https:\/\/floya.com\/fr\/#website\",\"url\":\"https:\/\/floya.com\/fr\/\",\"name\":\"Floya\",\"description\":\"Your mobility in BX mode\",\"publisher\":{\"@id\":\"https:\/\/floya.com\/fr\/#organization\"},\"potentialAction\":[{\"@type\":\"SearchAction\",\"target\":{\"@type\":\"EntryPoint\",\"urlTemplate\":\"https:\/\/floya.com\/fr\/?s={search_term_string}\"},\"query-input\":\"required name=search_term_string\"}],\"inLanguage\":\"fr-FR\"},{\"@type\":\"Organization\",\"@id\":\"https:\/\/floya.com\/fr\/#organization\",\"name\":\"Floya\",\"url\":\"https:\/\/floya.com\/fr\/\",\"logo\":{\"@type\":\"ImageObject\",\"inLanguage\":\"fr-FR\",\"@id\":\"https:\/\/floya.com\/fr\/#\/schema\/logo\/image\/\",\"url\":\"https:\/\/floya.brussels\/wp-content\/uploads\/2023\/08\/MicrosoftTeams-image-16.png\",\"contentUrl\":\"https:\/\/floya.brussels\/wp-content\/uploads\/2023\/08\/MicrosoftTeams-image-16.png\",\"width\":1056,\"height\":795,\"caption\":\"Floya\"},\"image\":{\"@id\":\"https:\/\/floya.com\/fr\/#\/schema\/logo\/image\/\"},\"sameAs\":[\"https:\/\/www.facebook.com\/floyabrussels\",\"https:\/\/twitter.com\/floyabrussels\",\"https:\/\/www.instagram.com\/floyabrussels\",\"https:\/\/www.linkedin.com\/company\/floyabrussels\",\"https:\/\/www.youtube.com\/@floyabrussels\"]}]}<\/script>\n<!-- \/ Yoast SEO Premium plugin. -->","yoast_head_json":{"title":"Partenaires - Floya","description":"L\u2019offre de mobilit\u00e9 dans Floya est en constante \u00e9volution. Retrouvez ici les partenaires d\u00e9j\u00e0 pr\u00e9sents dans l\u2019app, et qui seront bient\u00f4t rejoints par d\u2019autres...","robots":{"index":"index","follow":"follow","max-snippet":"max-snippet:-1","max-image-preview":"max-image-preview:large","max-video-preview":"max-video-preview:-1"},"canonical":"https:\/\/www.floya.brussels\/fr\/partenaires\/","og_locale":"fr_FR","og_type":"article","og_title":"Partenaires","og_description":"L\u2019offre de mobilit\u00e9 dans Floya est en constante \u00e9volution. Retrouvez ici les partenaires d\u00e9j\u00e0 pr\u00e9sents dans l\u2019app, et qui seront bient\u00f4t rejoints par d\u2019autres...","og_url":"https:\/\/www.floya.brussels\/fr\/partenaires\/","og_site_name":"Floya","article_publisher":"https:\/\/www.facebook.com\/floyabrussels","article_modified_time":"2025-11-17T11:51:20+00:00","og_image":[{"width":1288,"height":675,"url":"https:\/\/floya.com\/wp-content\/uploads\/2024\/03\/Floya-website.png","type":"image\/png"}],"twitter_card":"summary_large_image","twitter_site":"@floyabrussels","schema":{"@context":"https:\/\/schema.org","@graph":[{"@type":"WebPage","@id":"https:\/\/www.floya.brussels\/fr\/partenaires\/","url":"https:\/\/www.floya.brussels\/fr\/partenaires\/","name":"Partenaires - Floya","isPartOf":{"@id":"https:\/\/floya.com\/fr\/#website"},"datePublished":"2025-02-06T07:07:29+00:00","dateModified":"2025-11-17T11:51:20+00:00","description":"L\u2019offre de mobilit\u00e9 dans Floya est en constante \u00e9volution. Retrouvez ici les partenaires d\u00e9j\u00e0 pr\u00e9sents dans l\u2019app, et qui seront bient\u00f4t rejoints par d\u2019autres...","breadcrumb":{"@id":"https:\/\/www.floya.brussels\/fr\/partenaires\/#breadcrumb"},"inLanguage":"fr-FR","potentialAction":[{"@type":"ReadAction","target":["https:\/\/www.floya.brussels\/fr\/partenaires\/"]}]},{"@type":"BreadcrumbList","@id":"https:\/\/www.floya.brussels\/fr\/partenaires\/#breadcrumb","itemListElement":[{"@type":"ListItem","position":1,"name":"Home","item":"https:\/\/floya.brussels\/fr\/"},{"@type":"ListItem","position":2,"name":"Partenaires"}]},{"@type":"WebSite","@id":"https:\/\/floya.com\/fr\/#website","url":"https:\/\/floya.com\/fr\/","name":"Floya","description":"Your mobility in BX mode","publisher":{"@id":"https:\/\/floya.com\/fr\/#organization"},"potentialAction":[{"@type":"SearchAction","target":{"@type":"EntryPoint","urlTemplate":"https:\/\/floya.com\/fr\/?s={search_term_string}"},"query-input":"required name=search_term_string"}],"inLanguage":"fr-FR"},{"@type":"Organization","@id":"https:\/\/floya.com\/fr\/#organization","name":"Floya","url":"https:\/\/floya.com\/fr\/","logo":{"@type":"ImageObject","inLanguage":"fr-FR","@id":"https:\/\/floya.com\/fr\/#\/schema\/logo\/image\/","url":"https:\/\/floya.brussels\/wp-content\/uploads\/2023\/08\/MicrosoftTeams-image-16.png","contentUrl":"https:\/\/floya.brussels\/wp-content\/uploads\/2023\/08\/MicrosoftTeams-image-16.png","width":1056,"height":795,"caption":"Floya"},"image":{"@id":"https:\/\/floya.com\/fr\/#\/schema\/logo\/image\/"},"sameAs":["https:\/\/www.facebook.com\/floyabrussels","https:\/\/twitter.com\/floyabrussels","https:\/\/www.instagram.com\/floyabrussels","https:\/\/www.linkedin.com\/company\/floyabrussels","https:\/\/www.youtube.com\/@floyabrussels"]}]}},"_links":{"self":[{"href":"https:\/\/floya.com\/fr\/wp-json\/wp\/v2\/pages\/2385"}],"collection":[{"href":"https:\/\/floya.com\/fr\/wp-json\/wp\/v2\/pages"}],"about":[{"href":"https:\/\/floya.com\/fr\/wp-json\/wp\/v2\/types\/page"}],"author":[{"embeddable":true,"href":"https:\/\/floya.com\/fr\/wp-json\/wp\/v2\/users\/13"}],"replies":[{"embeddable":true,"href":"https:\/\/floya.com\/fr\/wp-json\/wp\/v2\/comments?post=2385"}],"version-history":[{"count":58,"href":"https:\/\/floya.com\/fr\/wp-json\/wp\/v2\/pages\/2385\/revisions"}],"predecessor-version":[{"id":6158,"href":"https:\/\/floya.com\/fr\/wp-json\/wp\/v2\/pages\/2385\/revisions\/6158"}],"wp:attachment":[{"href":"https:\/\/floya.com\/fr\/wp-json\/wp\/v2\/media?parent=2385"}],"curies":[{"name":"wp","href":"https:\/\/api.w.org\/{rel}","templated":true}]}}