{"id":2303,"date":"2022-09-23T07:39:13","date_gmt":"2022-09-23T05:39:13","guid":{"rendered":"http:\/\/prd-wordpress-a7ca90f93e3e.hyperlane.co\/?page_id=2303"},"modified":"2024-07-19T14:19:43","modified_gmt":"2024-07-19T12:19:43","slug":"presse","status":"publish","type":"page","link":"https:\/\/floya.com\/fr\/presse\/","title":{"rendered":"Presse"},"content":{"rendered":"<section class=\"hero hero_size-small\">\n      <div class=\"hero__background\">\n      <img decoding=\"async\" src=\"https:\/\/floya.com\/wp-content\/uploads\/2023\/07\/Floya_background_new-3.svg\" alt=\"\" \/>\n    <\/div>\n  \n  <div class=\"hero__inner\">\n    <div class=\"hero__content\">\n            \n<h1 class=\"heading heading_h1 \">\n  Presse\n<\/h1>\n  \n  \n    <\/div>\n  <\/div>\n<\/section>\n\n\n\n<section class=\"intro\">\n  <div class=\"intro__container\">\n    <div class=\"intro__inner\">\n      <div class=\"ewa-rteLine\">\n<div class=\"ewa-rteLine\">\n<div class=\"ewa-rteLine\">En offrant une solution tout-en-un pour vous d\u00e9placer dans la ville, Floya incarne la vision d\u2019une Bruxelles dynamique, o\u00f9 la vie urbaine prend son envol. R\u00e9servez, payez et voyagez ais\u00e9ment gr\u00e2ce \u00e0 une multitude d\u2019options de d\u00e9placement priv\u00e9es, publiques et partag\u00e9es. Que vous choisissiez un v\u00e9lo \u00e9lectrique, les transports en commun ou une voiture partag\u00e9e, Floya vous donne acc\u00e8s \u00e0 une mobilit\u00e9 fluide et durable.<\/div>\n<div>\n<p style=\"margin: 0in; font-family: Calibri; font-size: 11.0pt; color: white;\"><span lang=\"en-BE\">\u00a0<\/span><span lang=\"en-US\">white<\/span><\/p>\n<p style=\"margin: 0in; font-family: Calibri; font-size: 11.0pt; color: white;\"><span lang=\"en-BE\">\u00a0<\/span><span lang=\"en-US\">white<\/span><\/p>\n<\/div>\n<div class=\"ewa-rteLine\">Notre page presse recense nos articles et communiqu\u00e9s de presse et vous donne acc\u00e8s \u00e0 tout le mat\u00e9riel m\u00e9dia n\u00e9cessaire, incluant logos et photos. Joignez-vous \u00e0 Floya pour une Bruxelles plus conviviale, o\u00f9 la vie urbaine retrouve sa place centrale.<\/div>\n<\/div>\n<\/div>\n\n    <\/div>\n  <\/div>\n<\/section>\n\n\n<section class=\"support\">\n  <ul class=\"support__container\">\n          <li class=\"support__card\">\n        <div class=\"support__card-header\">\n          \n<svg class=\"icon support__card-header-icon\" width=\"24\" height=\"24\" aria-hidden=\"true\">\n  <use xlink:href=\"#icon-news\"><\/use>\n<\/svg>\n\n          \n<h6 class=\"heading heading_h6 support__card-header-title\">\n  Kit presse\n<\/h6>\n        <\/div>\n\n                  \n\n\n                  \n  \n<div  class=\"text text_default-16 support__card-description \">\nRetrouvez ici tout notre mat\u00e9riel m\u00e9dia librement accessible, comme nos logos et photos\n<\/div>\n        \n                  <div class=\"support__card-buttons\">\n            \n            <div class=\"support__card-buttons-list support__card-buttons-list_columns-auto\">\n                              \n                                <a href=\"https:\/\/floya.com\/wp-content\/uploads\/2023\/09\/Floya_assets-1.zip\"\n                  target=\"_self\"\n                  class=\"support__card-link\"\n                  download>\n                  \n<svg class=\"icon \" width=\"24\" height=\"24\" aria-hidden=\"true\">\n  <use xlink:href=\"#icon-download\"><\/use>\n<\/svg>\n\n                  \n\n\n                  \n\n<p  class=\"text text_default-16 \">\nAssets\n<\/p>\n                <\/a>\n                          <\/div>\n          <\/div>\n        \n              <\/li>\n          <li class=\"support__card\">\n        <div class=\"support__card-header\">\n          \n<svg class=\"icon support__card-header-icon\" width=\"24\" height=\"24\" aria-hidden=\"true\">\n  <use xlink:href=\"#icon-question\"><\/use>\n<\/svg>\n\n          \n<h6 class=\"heading heading_h6 support__card-header-title\">\n  Contactez notre service de presse\n<\/h6>\n        <\/div>\n\n                  \n\n\n                  \n  \n<div  class=\"text text_default-16 support__card-description \">\nVous \u00eates journalistes et vous souhaitez obtenir des informations?\n<\/div>\n        \n                  <div class=\"support__card-buttons\">\n            \n            <div class=\"support__card-buttons-list support__card-buttons-list_columns-auto\">\n                              \n                                <a href=\"mailto: press@floya.brussels\"\n                  target=\"_self\"\n                  class=\"support__card-link\"\n                  >\n                  \n<svg class=\"icon \" width=\"24\" height=\"24\" aria-hidden=\"true\">\n  <use xlink:href=\"#icon-mail\"><\/use>\n<\/svg>\n\n                  \n\n\n                  \n\n<p  class=\"text text_default-16 \">\nContact\n<\/p>\n                <\/a>\n                          <\/div>\n          <\/div>\n        \n              <\/li>\n          <li class=\"support__card\">\n        <div class=\"support__card-header\">\n          \n<svg class=\"icon support__card-header-icon\" width=\"24\" height=\"24\" aria-hidden=\"true\">\n  <use xlink:href=\"#icon-app\"><\/use>\n<\/svg>\n\n          \n<h6 class=\"heading heading_h6 support__card-header-title\">\n  Prix\n<\/h6>\n        <\/div>\n\n        \n        \n                  <img decoding=\"async\" class=\"support__card-image\"\n            src=\"https:\/\/floya.com\/wp-content\/uploads\/2024\/04\/FLOYA_awards_if_territoires_visit_fr_h_01.jpg\"\n            alt=\"\" \/>\n              <\/li>\n      <\/ul>\n<\/section>\n","protected":false},"excerpt":{"rendered":"","protected":false},"author":13,"featured_media":0,"parent":0,"menu_order":0,"comment_status":"closed","ping_status":"closed","template":"","meta":{"footnotes":""},"acf":[],"yoast_head":"<!-- This site is optimized with the Yoast SEO Premium plugin v21.8 (Yoast SEO v21.8) - https:\/\/yoast.com\/wordpress\/plugins\/seo\/ -->\n<title>Presse - Floya<\/title>\n<meta name=\"robots\" content=\"index, follow, max-snippet:-1, max-image-preview:large, max-video-preview:-1\" \/>\n<link rel=\"canonical\" href=\"https:\/\/floya.com\/fr\/presse\/\" \/>\n<meta property=\"og:locale\" content=\"fr_FR\" \/>\n<meta property=\"og:type\" content=\"article\" \/>\n<meta property=\"og:title\" content=\"Presse\" \/>\n<meta property=\"og:url\" content=\"https:\/\/floya.com\/fr\/presse\/\" \/>\n<meta property=\"og:site_name\" content=\"Floya\" \/>\n<meta property=\"article:publisher\" content=\"https:\/\/www.facebook.com\/floyabrussels\" \/>\n<meta property=\"article:modified_time\" content=\"2024-07-19T12:19:43+00:00\" \/>\n<meta property=\"og:image\" content=\"https:\/\/floya.com\/wp-content\/uploads\/2024\/03\/Floya-website.png\" \/>\n\t<meta property=\"og:image:width\" content=\"1288\" \/>\n\t<meta property=\"og:image:height\" content=\"675\" \/>\n\t<meta property=\"og:image:type\" content=\"image\/png\" \/>\n<meta name=\"twitter:card\" content=\"summary_large_image\" \/>\n<meta name=\"twitter:site\" content=\"@floyabrussels\" \/>\n<script type=\"application\/ld+json\" class=\"yoast-schema-graph\">{\"@context\":\"https:\/\/schema.org\",\"@graph\":[{\"@type\":\"WebPage\",\"@id\":\"https:\/\/floya.com\/fr\/presse\/\",\"url\":\"https:\/\/floya.com\/fr\/presse\/\",\"name\":\"Presse - Floya\",\"isPartOf\":{\"@id\":\"https:\/\/floya.com\/fr\/#website\"},\"datePublished\":\"2022-09-23T05:39:13+00:00\",\"dateModified\":\"2024-07-19T12:19:43+00:00\",\"breadcrumb\":{\"@id\":\"https:\/\/floya.com\/fr\/presse\/#breadcrumb\"},\"inLanguage\":\"fr-FR\",\"potentialAction\":[{\"@type\":\"ReadAction\",\"target\":[\"https:\/\/floya.com\/fr\/presse\/\"]}]},{\"@type\":\"BreadcrumbList\",\"@id\":\"https:\/\/floya.com\/fr\/presse\/#breadcrumb\",\"itemListElement\":[{\"@type\":\"ListItem\",\"position\":1,\"name\":\"Home\",\"item\":\"https:\/\/floya.brussels\/fr\/\"},{\"@type\":\"ListItem\",\"position\":2,\"name\":\"Presse\"}]},{\"@type\":\"WebSite\",\"@id\":\"https:\/\/floya.com\/fr\/#website\",\"url\":\"https:\/\/floya.com\/fr\/\",\"name\":\"Floya\",\"description\":\"Your mobility in BX mode\",\"publisher\":{\"@id\":\"https:\/\/floya.com\/fr\/#organization\"},\"potentialAction\":[{\"@type\":\"SearchAction\",\"target\":{\"@type\":\"EntryPoint\",\"urlTemplate\":\"https:\/\/floya.com\/fr\/?s={search_term_string}\"},\"query-input\":\"required name=search_term_string\"}],\"inLanguage\":\"fr-FR\"},{\"@type\":\"Organization\",\"@id\":\"https:\/\/floya.com\/fr\/#organization\",\"name\":\"Floya\",\"url\":\"https:\/\/floya.com\/fr\/\",\"logo\":{\"@type\":\"ImageObject\",\"inLanguage\":\"fr-FR\",\"@id\":\"https:\/\/floya.com\/fr\/#\/schema\/logo\/image\/\",\"url\":\"https:\/\/floya.brussels\/wp-content\/uploads\/2023\/08\/MicrosoftTeams-image-16.png\",\"contentUrl\":\"https:\/\/floya.brussels\/wp-content\/uploads\/2023\/08\/MicrosoftTeams-image-16.png\",\"width\":1056,\"height\":795,\"caption\":\"Floya\"},\"image\":{\"@id\":\"https:\/\/floya.com\/fr\/#\/schema\/logo\/image\/\"},\"sameAs\":[\"https:\/\/www.facebook.com\/floyabrussels\",\"https:\/\/twitter.com\/floyabrussels\",\"https:\/\/www.instagram.com\/floyabrussels\",\"https:\/\/www.linkedin.com\/company\/floyabrussels\",\"https:\/\/www.youtube.com\/@floyabrussels\"]}]}<\/script>\n<!-- \/ Yoast SEO Premium plugin. -->","yoast_head_json":{"title":"Presse - Floya","robots":{"index":"index","follow":"follow","max-snippet":"max-snippet:-1","max-image-preview":"max-image-preview:large","max-video-preview":"max-video-preview:-1"},"canonical":"https:\/\/floya.com\/fr\/presse\/","og_locale":"fr_FR","og_type":"article","og_title":"Presse","og_url":"https:\/\/floya.com\/fr\/presse\/","og_site_name":"Floya","article_publisher":"https:\/\/www.facebook.com\/floyabrussels","article_modified_time":"2024-07-19T12:19:43+00:00","og_image":[{"width":1288,"height":675,"url":"https:\/\/floya.com\/wp-content\/uploads\/2024\/03\/Floya-website.png","type":"image\/png"}],"twitter_card":"summary_large_image","twitter_site":"@floyabrussels","schema":{"@context":"https:\/\/schema.org","@graph":[{"@type":"WebPage","@id":"https:\/\/floya.com\/fr\/presse\/","url":"https:\/\/floya.com\/fr\/presse\/","name":"Presse - Floya","isPartOf":{"@id":"https:\/\/floya.com\/fr\/#website"},"datePublished":"2022-09-23T05:39:13+00:00","dateModified":"2024-07-19T12:19:43+00:00","breadcrumb":{"@id":"https:\/\/floya.com\/fr\/presse\/#breadcrumb"},"inLanguage":"fr-FR","potentialAction":[{"@type":"ReadAction","target":["https:\/\/floya.com\/fr\/presse\/"]}]},{"@type":"BreadcrumbList","@id":"https:\/\/floya.com\/fr\/presse\/#breadcrumb","itemListElement":[{"@type":"ListItem","position":1,"name":"Home","item":"https:\/\/floya.brussels\/fr\/"},{"@type":"ListItem","position":2,"name":"Presse"}]},{"@type":"WebSite","@id":"https:\/\/floya.com\/fr\/#website","url":"https:\/\/floya.com\/fr\/","name":"Floya","description":"Your mobility in BX mode","publisher":{"@id":"https:\/\/floya.com\/fr\/#organization"},"potentialAction":[{"@type":"SearchAction","target":{"@type":"EntryPoint","urlTemplate":"https:\/\/floya.com\/fr\/?s={search_term_string}"},"query-input":"required name=search_term_string"}],"inLanguage":"fr-FR"},{"@type":"Organization","@id":"https:\/\/floya.com\/fr\/#organization","name":"Floya","url":"https:\/\/floya.com\/fr\/","logo":{"@type":"ImageObject","inLanguage":"fr-FR","@id":"https:\/\/floya.com\/fr\/#\/schema\/logo\/image\/","url":"https:\/\/floya.brussels\/wp-content\/uploads\/2023\/08\/MicrosoftTeams-image-16.png","contentUrl":"https:\/\/floya.brussels\/wp-content\/uploads\/2023\/08\/MicrosoftTeams-image-16.png","width":1056,"height":795,"caption":"Floya"},"image":{"@id":"https:\/\/floya.com\/fr\/#\/schema\/logo\/image\/"},"sameAs":["https:\/\/www.facebook.com\/floyabrussels","https:\/\/twitter.com\/floyabrussels","https:\/\/www.instagram.com\/floyabrussels","https:\/\/www.linkedin.com\/company\/floyabrussels","https:\/\/www.youtube.com\/@floyabrussels"]}]}},"_links":{"self":[{"href":"https:\/\/floya.com\/fr\/wp-json\/wp\/v2\/pages\/2303"}],"collection":[{"href":"https:\/\/floya.com\/fr\/wp-json\/wp\/v2\/pages"}],"about":[{"href":"https:\/\/floya.com\/fr\/wp-json\/wp\/v2\/types\/page"}],"author":[{"embeddable":true,"href":"https:\/\/floya.com\/fr\/wp-json\/wp\/v2\/users\/13"}],"replies":[{"embeddable":true,"href":"https:\/\/floya.com\/fr\/wp-json\/wp\/v2\/comments?post=2303"}],"version-history":[{"count":50,"href":"https:\/\/floya.com\/fr\/wp-json\/wp\/v2\/pages\/2303\/revisions"}],"predecessor-version":[{"id":4588,"href":"https:\/\/floya.com\/fr\/wp-json\/wp\/v2\/pages\/2303\/revisions\/4588"}],"wp:attachment":[{"href":"https:\/\/floya.com\/fr\/wp-json\/wp\/v2\/media?parent=2303"}],"curies":[{"name":"wp","href":"https:\/\/api.w.org\/{rel}","templated":true}]}}