{"id":1224,"date":"2022-09-23T07:39:37","date_gmt":"2022-09-23T05:39:37","guid":{"rendered":"http:\/\/prd-wordpress-a7ca90f93e3e.hyperlane.co\/?page_id=1224"},"modified":"2025-01-31T18:20:26","modified_gmt":"2025-01-31T17:20:26","slug":"declaration-daccessibilite","status":"publish","type":"page","link":"https:\/\/floya.com\/fr\/declaration-daccessibilite\/","title":{"rendered":"D\u00e9claration d\u2019accessibilit\u00e9"},"content":{"rendered":"\n<h2 class=\"wp-block-heading\" id=\"h-declaration-d-accessibilite-pour-l-application-mobile\" style=\"font-size:30px\">D\u00e9claration d\u2019accessibilit\u00e9 pour l&#8217;application mobile<\/h2>\n\n\n\n<h3 class=\"wp-block-heading has-medium-font-size\" id=\"h-declaration-d-accessibilite\">D\u00e9claration d&#8217;accessibilit\u00e9<\/h3>\n\n\n\n<p>La STIB s\u2019engage \u00e0 rendre ses applications mobiles FLOYA accessibles conform\u00e9ment \u00e0 la l\u00e9gislation suivante : D\u00e9cret et ordonnance conjoints du 4 avril 2024 de la R\u00e9gion de Bruxelles-Capitale, de la Commission communautaire commune et de la Commission communautaire fran\u00e7aise portant le Code bruxellois de l&#8217;\u00e9galit\u00e9, de la non-discrimination et de la promotion de la diversit\u00e9.<br><br>Cette d\u00e9claration d\u2019accessibilit\u00e9 s\u2019applique aux applications FLOYA et plus particuli\u00e8rement :<\/p>\n\n\n\n<ul>\n<li><a data-type=\"URL\" data-id=\"https:\/\/apps.apple.com\/us\/app\/floya\/id6449424463\" href=\"https:\/\/apps.apple.com\/us\/app\/floya\/id6449424463\" target=\"_blank\" rel=\"noreferrer noopener\">Apple<\/a> application mobile (version 1.35.0)<\/li>\n\n\n\n<li><a data-type=\"URL\" data-id=\"https:\/\/play.google.com\/store\/apps\/details?id=brussels.stib_mivb.floya\" href=\"https:\/\/play.google.com\/store\/apps\/details?id=brussels.stib_mivb.floya\" target=\"_blank\" rel=\"noreferrer noopener\">Android<\/a> application mobile (version 1.34.0)<\/li>\n<\/ul>\n\n\n\n<h3 class=\"wp-block-heading has-medium-font-size\" id=\"h-niveau-de-conformite\">Niveau de conformit\u00e9<\/h3>\n\n\n\n<p>Les <a href=\"https:\/\/www.w3.org\/WAI\/standards-guidelines\/wcag\/fr\" target=\"_blank\" rel=\"noreferrer noopener\">r\u00e8gles pour l&#8217;accessibilit\u00e9 des contenus Web (WCAG)<\/a> d\u00e9finissent des exigences pour les concepteurs et les d\u00e9veloppeurs afin d&#8217;am\u00e9liorer l&#8217;accessibilit\u00e9 de ces contenus pour les personnes en situation de handicap. Trois niveaux de conformit\u00e9 y sont d\u00e9finis : Niveau A, Niveau AA et niveau AAA.<\/p>\n\n\n\n<p>Au moment de la r\u00e9daction de cette d\u00e9claration, nos applications mobiles sont <strong>partiellement<\/strong> conformes aux <strong>WCAG 2.1, niveau AA<\/strong>.&nbsp;Le terme &#8220;partiellement conforme&#8221; signifie que certaines parties du contenu ne sont pas enti\u00e8rement conformes \u00e0 la norme d&#8217;accessibilit\u00e9 (voir ci-dessous pour plus d\u2019informations).<br><br>Les applications mobiles sont <strong>enti\u00e8rement conformes<\/strong> aux normes <strong>WCAG 2.1 niveau A.<\/strong><\/p>\n\n\n\n<h3 class=\"wp-block-heading has-medium-font-size\" id=\"h-contenu-non-accessible\">Contenu non accessible<\/h3>\n\n\n\n<p>Malgr\u00e9 nos efforts pour garantir l\u2019accessibilit\u00e9 de nos applications, les probl\u00e8mes suivants subsistent :<\/p>\n\n\n\n<ul>\n<li>Contraste insuffisant du libell\u00e9 des \u00e9l\u00e9ments de navigation inactifs et des boutons de filtrage lors de la recherche de transports publics<\/li>\n\n\n\n<li>Contraste insuffisant entre les champs de texte et leur arri\u00e8re-plan<\/li>\n\n\n\n<li>La mise en page ne s&#8217;adapte pas \u00e0 la taille du texte d\u00e9finie par l\u2019appareil<\/li>\n\n\n\n<li>R\u00e9sultats de recherche d&#8217;itin\u00e9raire non annonc\u00e9s par les lecteurs d\u2019\u00e9cran<\/li>\n<\/ul>\n\n\n\n<p>Nous n&#8217;avons pas encore identifi\u00e9 d&#8217;alternatives \u00e0 ces probl\u00e8mes. La r\u00e9solution de ces probl\u00e8mes est notre priorit\u00e9.<\/p>\n\n\n\n<p>En plus des probl\u00e8mes list\u00e9s ci-dessus, les probl\u00e8mes suivants ont \u00e9t\u00e9 identifi\u00e9s mais n\u00e9cessitent des ajustements qui ont une incidence sur les partenaires et les fournisseurs de Floya :<\/p>\n\n\n\n<ul>\n<li>Plusieurs modes de transport ont une ic\u00f4ne qui n\u2019est pas assez contrast\u00e9e<\/li>\n\n\n\n<li>L\u2019ic\u00f4ne qui signale une perturbation sur un itin\u00e9raire n\u2019est pas assez contrast\u00e9e<\/li>\n\n\n\n<li>Certaines zones sp\u00e9cifiques sont uniquement indiqu\u00e9es par des indicateurs visuels sur la carte interactive (comme les zones d\u2019interdiction de stationnement), telle que fournie par notre partenaire<\/li>\n<\/ul>\n\n\n\n<p>Finalement, les probl\u00e8mes suivants ont \u00e9t\u00e9 identifi\u00e9s mais ne peuvent pas \u00eatre r\u00e9solus pour le moment, \u00e9tant donn\u00e9 que leur correction ne permettrait pas une exp\u00e9rience satisfaisante \u00e0 l\u2019utilisateur ou modifierait de mani\u00e8re significative le bon fonctionnement de l&#8217;app :<\/p>\n\n\n\n<ul>\n<li>La mise en page ne s&#8217;adapte pas au mode paysage de l\u2019appareil<\/li>\n\n\n\n<li>La carte interactive ne dispose pas d\u2019un support clavier suffisant<\/li>\n<\/ul>\n\n\n\n<p>La recherche par transport ou itin\u00e9raire est accessible par clavier et consiste donc en une alternative \u00e0 la carte interactive.<br><br>N&#8217;h\u00e9sitez pas \u00e0 nous contacter si vous constatez un probl\u00e8me qui ne figure pas dans la liste ci-dessus.<\/p>\n\n\n\n<h3 class=\"wp-block-heading has-medium-font-size\" id=\"h-plan-d-amelioration\">Plan d\u2019am\u00e9lioration<\/h3>\n\n\n\n<p>Certaines am\u00e9liorations ont d\u00e9j\u00e0 \u00e9t\u00e9 apport\u00e9es aux applications \u00e0 la suite d&#8217;un premier audit en 2023, et d&#8217;autres sont en cours de d\u00e9veloppement. Nous pr\u00e9voyons un d\u00e9ploiement progressif de diff\u00e9rentes am\u00e9liorations jusqu\u2019\u00e0 une conformit\u00e9 totale.<br><br>Les d\u00e9marches de mise en conformit\u00e9 de Floya sont men\u00e9es en \u00e9troite collaboration avec le secteur associatif.<\/p>\n\n\n\n<h3 class=\"wp-block-heading has-medium-font-size\" id=\"h-preparation-de-cette-declaration-d-accessibilite\">Pr\u00e9paration de cette d\u00e9claration d&#8217;accessibilit\u00e9<\/h3>\n\n\n\n<p>Cette d\u00e9claration a \u00e9t\u00e9 mise \u00e0 jour le <strong>19 novembre 2024<\/strong> et fait suite \u00e0 un audit d&#8217;accessibilit\u00e9 externe r\u00e9alis\u00e9 par Eleven Ways le <strong>15 novembre 2024<\/strong>. Cet audit a consist\u00e9 en une analyse d\u00e9taill\u00e9e par un expert en accessibilit\u00e9 certifi\u00e9 par <a href=\"https:\/\/www.accessibilityassociation.org\/s\/\" target=\"_blank\" rel=\"noreferrer noopener\">l&#8217;IAAP<\/a>.<\/p>\n\n\n\n<h3 class=\"wp-block-heading has-medium-font-size\" id=\"h-retours-d-informations-et-coordonnees-de-contact\">Retours d\u2019informations et coordonn\u00e9es de contact<\/h3>\n\n\n\n<p>Si vous avez des remarques concernant l&#8217;accessibilit\u00e9 de nos produits num\u00e9riques, merci de contacter le service client, qui les transmettra \u00e0 qui de droit :<\/p>\n\n\n\n<ul>\n<li>Via le <a href=\"https:\/\/floya.brussels\/fr\/contact-form\/\" target=\"_blank\" rel=\"noreferrer noopener\">formulaire de contact<\/a> sur le site web<\/li>\n\n\n\n<li>Par t\u00e9l\u00e9phone au 070 23 2000 (0,30&nbsp;\u20ac\/min)<\/li>\n<\/ul>\n\n\n\n<p>Ou par la poste \u00e0 l\u2019adresse suivante :<\/p>\n\n\n\n<p>Soci\u00e9t\u00e9 de transports intercommunaux de Bruxelles (STIB)<br>76 Rue Royale<br>1000 Bruxelles<br><br>Nous nous effor\u00e7ons de r\u00e9pondre dans les 5 jours ouvrables.<\/p>\n\n\n\n<h3 class=\"wp-block-heading has-medium-font-size\" id=\"h-procedure-permettant-d-assurer-le-respect-des-dispositions\">Proc\u00e9dure permettant d\u2019assurer le respect des dispositions<\/h3>\n\n\n\n<p>Dans le cas o\u00f9 vous ne recevriez pas de r\u00e9ponse suite \u00e0 l&#8217;introduction d&#8217;une plainte concernant l&#8217;accessibilit\u00e9 de nos applications, vous pouvez vous adresser au m\u00e9diateur r\u00e9gional par e-mail ou par t\u00e9l\u00e9phone :<\/p>\n\n\n\n<p><a href=\"mailto:plaintes@ombuds.brussels\">plaintes@ombuds.brussels<\/a><br>+32 2 549 67 00<\/p>\n\n\n\n<h2 class=\"wp-block-heading\" id=\"h-declaration-d-accessibilite-du-site\" style=\"font-size:30px\">D\u00e9claration d\u2019accessibilit\u00e9 du site<\/h2>\n\n\n\n<p>Floya s\u2019engage \u00e0 rendre son site Web et ses applications accessibles, conform\u00e9ment \u00e0 la l\u00e9gislation suivante : D\u00e9cret et ordonnance conjoints du 4 avril 2024 de la R\u00e9gion de Bruxelles-Capitale, de la Commission communautaire commune et de la Commission communautaire fran\u00e7aise portant le Code bruxellois de l\u2019\u00e9galit\u00e9, de la non-discrimination et de la promotion de la diversit\u00e9.<\/p>\n\n\n\n<p>Cette pr\u00e9sente d\u00e9claration d\u2019accessibilit\u00e9 s\u2019applique au domaine <a href=\"https:\/\/floya.brussels\/fr\/\" target=\"_blank\" rel=\"noreferrer noopener\">https:\/\/floya.brussels\/fr\/<\/a>.<\/p>\n\n\n\n<p>Les d\u00e9clarations d&#8217;accessibilit\u00e9 des applications mobiles de Floya (iOS et Android) sont disponibles ci-dessus.<\/p>\n\n\n\n<h3 class=\"wp-block-heading has-medium-font-size\" id=\"h-niveau-de-conformite-0\">Niveau de conformit\u00e9<\/h3>\n\n\n\n<p>Les <a href=\"https:\/\/www.w3.org\/WAI\/standards-guidelines\/wcag\/fr\">r\u00e8gles pour l&#8217;accessibilit\u00e9 des contenus Web (WCAG<\/a>) d\u00e9finissent des exigences pour les concepteurs et les d\u00e9veloppeurs afin d&#8217;am\u00e9liorer l&#8217;accessibilit\u00e9 de ces contenus pour les personnes en situation de handicap. Trois niveaux de conformit\u00e9 y sont d\u00e9finis : Niveau A, Niveau AA et niveau AAA.<\/p>\n\n\n\n<p>Au moment de la r\u00e9daction de cette d\u00e9claration, notre site Web est partiellement conforme aux WCAG 2.1, niveau AA. Le terme \u00ab partiellement conforme \u00bb signifie que certaines parties du contenu ne sont pas enti\u00e8rement conformes \u00e0 la norme d&#8217;accessibilit\u00e9.<\/p>\n\n\n\n<h3 class=\"wp-block-heading has-medium-font-size\" id=\"h-contenu-non-accessible-0\">Contenu non accessible<\/h3>\n\n\n\n<p>Malgr\u00e9 nos efforts pour assurer l&#8217;accessibilit\u00e9 de notre site Web, des probl\u00e8mes d&#8217;accessibilit\u00e9 ont \u00e9t\u00e9 observ\u00e9s sur plusieurs pages. Parmi ceux-ci :<\/p>\n\n\n\n<ul>\n<li>Des alternatives textuelles manquantes ou inexactes pour les images<\/li>\n\n\n\n<li>Absence de descriptions audio sur les vid\u00e9os<\/li>\n\n\n\n<li>Hi\u00e9rarchie illogique des titres<\/li>\n\n\n\n<li>Les \u00e9l\u00e9ments de formulaire ne sont pas li\u00e9s de mani\u00e8re syst\u00e9matique \u00e0 leur libell\u00e9 visible<\/li>\n\n\n\n<li>Les \u00e9l\u00e9ments de formulaire n&#8217;identifient pas les champs obligatoires<\/li>\n\n\n\n<li>Un contraste de couleurs insuffisant sur certains textes et \u00e9l\u00e9ments graphiques<\/li>\n\n\n\n<li>Le carrousel de logos anim\u00e9s ne peut pas \u00eatre mis en pause<\/li>\n\n\n\n<li>Absence d&#8217;un plan du site ou d&#8217;un autre moyen de navigation sur le site Web<\/li>\n\n\n\n<li>Absence de libell\u00e9s sur des boutons<\/li>\n\n\n\n<li>Les \u00e9l\u00e9ments de formulaire ne fournissent pas suffisamment d&#8217;instructions et de suggestions d&#8217;erreurs<\/li>\n<\/ul>\n\n\n\n<p>Nous n&#8217;avons pas encore identifi\u00e9 d&#8217;alternatives \u00e0 ces probl\u00e8mes. La r\u00e9solution de ces probl\u00e8mes est notre priorit\u00e9.<\/p>\n\n\n\n<p>N&#8217;h\u00e9sitez pas \u00e0 nous contacter si vous constatez un probl\u00e8me qui ne figure pas dans la liste ci-dessus.<\/p>\n\n\n\n<h3 class=\"wp-block-heading has-medium-font-size\" id=\"h-plan-d-amelioration-0\">Plan d&#8217;am\u00e9lioration <\/h3>\n\n\n\n<p>Certaines am\u00e9liorations ont d\u00e9j\u00e0 \u00e9t\u00e9 mises en \u0153uvre sur le site Web \u00e0 la suite d&#8217;un premier audit en 2023, et d&#8217;autres sont en cours de d\u00e9veloppement. Nous pr\u00e9voyons de d\u00e9ployer progressivement plusieurs am\u00e9liorations de l&#8217;accessibilit\u00e9 \u00e0 la fois pour le site Web et pour l&#8217;application mobile.<\/p>\n\n\n\n<p>Les d\u00e9marches de mise en conformit\u00e9 de Floya sont men\u00e9es en \u00e9troite op\u00e9ration avec le secteur associatif.<\/p>\n\n\n\n<h3 class=\"wp-block-heading has-medium-font-size\" id=\"h-preparation-de-cette-declaration-d-accessibilite-0\">Pr\u00e9paration de cette d\u00e9claration d&#8217;accessibilit\u00e9<\/h3>\n\n\n\n<p>Cette d\u00e9claration a \u00e9t\u00e9 mise \u00e0 jour le 5 mars 2024 \u00e0 la suite d&#8217;un audit d&#8217;accessibilit\u00e9 externe r\u00e9alis\u00e9 par Eleven Ways. Cet audit a consist\u00e9 en une analyse d\u00e9taill\u00e9e du site par un(e) expert(e) en accessibilit\u00e9 certifi\u00e9 par <a href=\"https:\/\/www.accessibilityassociation.org\/s\/\" target=\"_blank\" rel=\"noreferrer noopener\">l&#8217;IAAP<\/a>.<\/p>\n\n\n\n<h3 class=\"wp-block-heading has-medium-font-size\" id=\"h-retours-d-informations-et-coordonnees-de-contact-0\">Retours d&#8217;informations et coordonn\u00e9es de contact<\/h3>\n\n\n\n<p>Si vous avez des remarques concernant l&#8217;accessibilit\u00e9 de nos produits num\u00e9riques, merci de contacter le service client, qui transmettra \u00e0 qui de droit : <\/p>\n\n\n\n<ul>\n<li>Via le&nbsp;<a href=\"https:\/\/floya.brussels\/fr\/contact-form\/\" target=\"_blank\" rel=\"noreferrer noopener\">formulaire de contact<\/a>&nbsp;sur le site web<\/li>\n\n\n\n<li>Ou par la poste \u00e0 l&#8217;adresse suivante :<\/li>\n<\/ul>\n\n\n\n<p>Soci\u00e9t\u00e9 de transports intercommunaux de Bruxelles (STIB)<br>76 Rue Royale<br>1000 Bruxelles<\/p>\n\n\n\n<p>Nous nous effor\u00e7ons de r\u00e9pondre dans les 5 jours ouvrables.<\/p>\n\n\n\n<h2 class=\"wp-block-heading has-medium-font-size\" id=\"h-procedure-permettant-d-assurer-le-respect-des-dispositions-0\">Proc\u00e9dure permettant d&#8217;assurer le respect des dispositions<\/h2>\n\n\n\n<p>Dans le cas o\u00f9 vous ne recevriez pas de r\u00e9ponse suite \u00e0 l&#8217;introduction d&#8217;une plainte concernant l&#8217;accessibilit\u00e9 de ce site Web, vous pouvez vous adresser au m\u00e9diateur r\u00e9gional par e-mail ou par t\u00e9l\u00e9phone :<\/p>\n\n\n\n<ul>\n<li>plaintes@ombuds.brussels\u00a0<\/li>\n\n\n\n<li>+32 2 549 67 00<\/li>\n<\/ul>\n","protected":false},"excerpt":{"rendered":"<p>D\u00e9claration d\u2019accessibilit\u00e9 pour l&#8217;application mobile D\u00e9claration d&#8217;accessibilit\u00e9 La STIB s\u2019engage \u00e0 rendre ses applications mobiles FLOYA accessibles conform\u00e9ment \u00e0 la l\u00e9gislation suivante : D\u00e9cret et ordonnance conjoints du 4 avril 2024 de la R\u00e9gion de Bruxelles-Capitale, de la Commission communautaire commune et de la Commission communautaire fran\u00e7aise portant le Code bruxellois de l&#8217;\u00e9galit\u00e9, de la [&hellip;]<\/p>\n","protected":false},"author":13,"featured_media":0,"parent":0,"menu_order":0,"comment_status":"closed","ping_status":"closed","template":"templates\/legal-lp.php","meta":{"footnotes":""},"acf":[],"yoast_head":"<!-- This site is optimized with the Yoast SEO Premium plugin v21.8 (Yoast SEO v21.8) - https:\/\/yoast.com\/wordpress\/plugins\/seo\/ -->\n<title>D\u00e9claration d\u2019accessibilit\u00e9 - Floya<\/title>\n<meta name=\"description\" content=\"Les Web Content Accessibility Guidelines (WCAG) d\u00e9finissent les exigences pour les concepteurs et d\u00e9veloppeurs afin d\u2019am\u00e9liorer l\u2019accessibilit\u00e9 pour les personnes en situation de handicap.\" \/>\n<meta name=\"robots\" content=\"index, follow, max-snippet:-1, max-image-preview:large, max-video-preview:-1\" \/>\n<link rel=\"canonical\" href=\"https:\/\/floya.brussels\/fr\/declaration-daccessibilite\/\" \/>\n<meta property=\"og:locale\" content=\"fr_FR\" \/>\n<meta property=\"og:type\" content=\"article\" \/>\n<meta property=\"og:title\" content=\"D\u00e9claration d\u2019accessibilit\u00e9\" \/>\n<meta property=\"og:description\" content=\"Les Web Content Accessibility Guidelines (WCAG) d\u00e9finissent les exigences pour les concepteurs et d\u00e9veloppeurs afin d\u2019am\u00e9liorer l\u2019accessibilit\u00e9 pour les personnes en situation de handicap.\" \/>\n<meta property=\"og:url\" content=\"https:\/\/floya.brussels\/fr\/declaration-daccessibilite\/\" \/>\n<meta property=\"og:site_name\" content=\"Floya\" \/>\n<meta property=\"article:publisher\" content=\"https:\/\/www.facebook.com\/floyabrussels\" \/>\n<meta property=\"article:modified_time\" content=\"2025-01-31T17:20:26+00:00\" \/>\n<meta property=\"og:image\" content=\"https:\/\/floya.com\/wp-content\/uploads\/2024\/03\/Floya-website.png\" \/>\n\t<meta property=\"og:image:width\" content=\"1288\" \/>\n\t<meta property=\"og:image:height\" content=\"675\" \/>\n\t<meta property=\"og:image:type\" content=\"image\/png\" \/>\n<meta name=\"twitter:card\" content=\"summary_large_image\" \/>\n<meta name=\"twitter:site\" content=\"@floyabrussels\" \/>\n<meta name=\"twitter:label1\" content=\"Est. reading time\" \/>\n\t<meta name=\"twitter:data1\" content=\"6 minutes\" \/>\n<script type=\"application\/ld+json\" class=\"yoast-schema-graph\">{\"@context\":\"https:\/\/schema.org\",\"@graph\":[{\"@type\":\"WebPage\",\"@id\":\"https:\/\/floya.brussels\/fr\/declaration-daccessibilite\/\",\"url\":\"https:\/\/floya.brussels\/fr\/declaration-daccessibilite\/\",\"name\":\"D\u00e9claration d\u2019accessibilit\u00e9 - Floya\",\"isPartOf\":{\"@id\":\"https:\/\/floya.com\/fr\/#website\"},\"datePublished\":\"2022-09-23T05:39:37+00:00\",\"dateModified\":\"2025-01-31T17:20:26+00:00\",\"description\":\"Les Web Content Accessibility Guidelines (WCAG) d\u00e9finissent les exigences pour les concepteurs et d\u00e9veloppeurs afin d\u2019am\u00e9liorer l\u2019accessibilit\u00e9 pour les personnes en situation de handicap.\",\"breadcrumb\":{\"@id\":\"https:\/\/floya.brussels\/fr\/declaration-daccessibilite\/#breadcrumb\"},\"inLanguage\":\"fr-FR\",\"potentialAction\":[{\"@type\":\"ReadAction\",\"target\":[\"https:\/\/floya.brussels\/fr\/declaration-daccessibilite\/\"]}]},{\"@type\":\"BreadcrumbList\",\"@id\":\"https:\/\/floya.brussels\/fr\/declaration-daccessibilite\/#breadcrumb\",\"itemListElement\":[{\"@type\":\"ListItem\",\"position\":1,\"name\":\"Home\",\"item\":\"https:\/\/floya.brussels\/fr\/\"},{\"@type\":\"ListItem\",\"position\":2,\"name\":\"D\u00e9claration d\u2019accessibilit\u00e9\"}]},{\"@type\":\"WebSite\",\"@id\":\"https:\/\/floya.com\/fr\/#website\",\"url\":\"https:\/\/floya.com\/fr\/\",\"name\":\"Floya\",\"description\":\"Your mobility in BX mode\",\"publisher\":{\"@id\":\"https:\/\/floya.com\/fr\/#organization\"},\"potentialAction\":[{\"@type\":\"SearchAction\",\"target\":{\"@type\":\"EntryPoint\",\"urlTemplate\":\"https:\/\/floya.com\/fr\/?s={search_term_string}\"},\"query-input\":\"required name=search_term_string\"}],\"inLanguage\":\"fr-FR\"},{\"@type\":\"Organization\",\"@id\":\"https:\/\/floya.com\/fr\/#organization\",\"name\":\"Floya\",\"url\":\"https:\/\/floya.com\/fr\/\",\"logo\":{\"@type\":\"ImageObject\",\"inLanguage\":\"fr-FR\",\"@id\":\"https:\/\/floya.com\/fr\/#\/schema\/logo\/image\/\",\"url\":\"https:\/\/floya.brussels\/wp-content\/uploads\/2023\/08\/MicrosoftTeams-image-16.png\",\"contentUrl\":\"https:\/\/floya.brussels\/wp-content\/uploads\/2023\/08\/MicrosoftTeams-image-16.png\",\"width\":1056,\"height\":795,\"caption\":\"Floya\"},\"image\":{\"@id\":\"https:\/\/floya.com\/fr\/#\/schema\/logo\/image\/\"},\"sameAs\":[\"https:\/\/www.facebook.com\/floyabrussels\",\"https:\/\/twitter.com\/floyabrussels\",\"https:\/\/www.instagram.com\/floyabrussels\",\"https:\/\/www.linkedin.com\/company\/floyabrussels\",\"https:\/\/www.youtube.com\/@floyabrussels\"]}]}<\/script>\n<!-- \/ Yoast SEO Premium plugin. -->","yoast_head_json":{"title":"D\u00e9claration d\u2019accessibilit\u00e9 - Floya","description":"Les Web Content Accessibility Guidelines (WCAG) d\u00e9finissent les exigences pour les concepteurs et d\u00e9veloppeurs afin d\u2019am\u00e9liorer l\u2019accessibilit\u00e9 pour les personnes en situation de handicap.","robots":{"index":"index","follow":"follow","max-snippet":"max-snippet:-1","max-image-preview":"max-image-preview:large","max-video-preview":"max-video-preview:-1"},"canonical":"https:\/\/floya.brussels\/fr\/declaration-daccessibilite\/","og_locale":"fr_FR","og_type":"article","og_title":"D\u00e9claration d\u2019accessibilit\u00e9","og_description":"Les Web Content Accessibility Guidelines (WCAG) d\u00e9finissent les exigences pour les concepteurs et d\u00e9veloppeurs afin d\u2019am\u00e9liorer l\u2019accessibilit\u00e9 pour les personnes en situation de handicap.","og_url":"https:\/\/floya.brussels\/fr\/declaration-daccessibilite\/","og_site_name":"Floya","article_publisher":"https:\/\/www.facebook.com\/floyabrussels","article_modified_time":"2025-01-31T17:20:26+00:00","og_image":[{"width":1288,"height":675,"url":"https:\/\/floya.com\/wp-content\/uploads\/2024\/03\/Floya-website.png","type":"image\/png"}],"twitter_card":"summary_large_image","twitter_site":"@floyabrussels","twitter_misc":{"Est. reading time":"6 minutes"},"schema":{"@context":"https:\/\/schema.org","@graph":[{"@type":"WebPage","@id":"https:\/\/floya.brussels\/fr\/declaration-daccessibilite\/","url":"https:\/\/floya.brussels\/fr\/declaration-daccessibilite\/","name":"D\u00e9claration d\u2019accessibilit\u00e9 - Floya","isPartOf":{"@id":"https:\/\/floya.com\/fr\/#website"},"datePublished":"2022-09-23T05:39:37+00:00","dateModified":"2025-01-31T17:20:26+00:00","description":"Les Web Content Accessibility Guidelines (WCAG) d\u00e9finissent les exigences pour les concepteurs et d\u00e9veloppeurs afin d\u2019am\u00e9liorer l\u2019accessibilit\u00e9 pour les personnes en situation de handicap.","breadcrumb":{"@id":"https:\/\/floya.brussels\/fr\/declaration-daccessibilite\/#breadcrumb"},"inLanguage":"fr-FR","potentialAction":[{"@type":"ReadAction","target":["https:\/\/floya.brussels\/fr\/declaration-daccessibilite\/"]}]},{"@type":"BreadcrumbList","@id":"https:\/\/floya.brussels\/fr\/declaration-daccessibilite\/#breadcrumb","itemListElement":[{"@type":"ListItem","position":1,"name":"Home","item":"https:\/\/floya.brussels\/fr\/"},{"@type":"ListItem","position":2,"name":"D\u00e9claration d\u2019accessibilit\u00e9"}]},{"@type":"WebSite","@id":"https:\/\/floya.com\/fr\/#website","url":"https:\/\/floya.com\/fr\/","name":"Floya","description":"Your mobility in BX mode","publisher":{"@id":"https:\/\/floya.com\/fr\/#organization"},"potentialAction":[{"@type":"SearchAction","target":{"@type":"EntryPoint","urlTemplate":"https:\/\/floya.com\/fr\/?s={search_term_string}"},"query-input":"required name=search_term_string"}],"inLanguage":"fr-FR"},{"@type":"Organization","@id":"https:\/\/floya.com\/fr\/#organization","name":"Floya","url":"https:\/\/floya.com\/fr\/","logo":{"@type":"ImageObject","inLanguage":"fr-FR","@id":"https:\/\/floya.com\/fr\/#\/schema\/logo\/image\/","url":"https:\/\/floya.brussels\/wp-content\/uploads\/2023\/08\/MicrosoftTeams-image-16.png","contentUrl":"https:\/\/floya.brussels\/wp-content\/uploads\/2023\/08\/MicrosoftTeams-image-16.png","width":1056,"height":795,"caption":"Floya"},"image":{"@id":"https:\/\/floya.com\/fr\/#\/schema\/logo\/image\/"},"sameAs":["https:\/\/www.facebook.com\/floyabrussels","https:\/\/twitter.com\/floyabrussels","https:\/\/www.instagram.com\/floyabrussels","https:\/\/www.linkedin.com\/company\/floyabrussels","https:\/\/www.youtube.com\/@floyabrussels"]}]}},"_links":{"self":[{"href":"https:\/\/floya.com\/fr\/wp-json\/wp\/v2\/pages\/1224"}],"collection":[{"href":"https:\/\/floya.com\/fr\/wp-json\/wp\/v2\/pages"}],"about":[{"href":"https:\/\/floya.com\/fr\/wp-json\/wp\/v2\/types\/page"}],"author":[{"embeddable":true,"href":"https:\/\/floya.com\/fr\/wp-json\/wp\/v2\/users\/13"}],"replies":[{"embeddable":true,"href":"https:\/\/floya.com\/fr\/wp-json\/wp\/v2\/comments?post=1224"}],"version-history":[{"count":24,"href":"https:\/\/floya.com\/fr\/wp-json\/wp\/v2\/pages\/1224\/revisions"}],"predecessor-version":[{"id":5320,"href":"https:\/\/floya.com\/fr\/wp-json\/wp\/v2\/pages\/1224\/revisions\/5320"}],"wp:attachment":[{"href":"https:\/\/floya.com\/fr\/wp-json\/wp\/v2\/media?parent=1224"}],"curies":[{"name":"wp","href":"https:\/\/api.w.org\/{rel}","templated":true}]}}